{"id":9757,"date":"2019-01-16T16:32:13","date_gmt":"2019-01-16T15:32:13","guid":{"rendered":"https:\/\/grupposaviola.com\/newsletter\/"},"modified":"2019-07-05T16:35:55","modified_gmt":"2019-07-05T14:35:55","slug":"newsletter","status":"publish","type":"page","link":"https:\/\/www.grupposaviola.com\/es\/newsletter\/","title":{"rendered":"Newsletter"},"content":{"rendered":"<div class=\"wpb-content-wrapper\"><div      class=\"vc_row wpb_row section vc_row-fluid \" style=' text-align:left;'><div class=\" full_section_inner clearfix\"><div class=\"wpb_column vc_column_container vc_col-sm-12\"><div class=\"vc_column-inner\"><div class=\"wpb_wrapper\"><div      class=\"vc_row wpb_row section vc_row-fluid vc_inner  grid_section\" style=' text-align:left;'><div class=\" section_inner clearfix\"><div class='section_inner_margin clearfix'><div class=\"wpb_column vc_column_container vc_col-sm-12\"><div class=\"vc_column-inner\"><div class=\"wpb_wrapper\">\n\t<div class=\"wpb_text_column wpb_content_element \">\n\t\t<div class=\"wpb_wrapper\">\n\t\t\t<h2>Suscribirse al bolet\u00edn<\/h2>\n\n\t\t<\/div> \n\t<\/div> \t<div class=\"vc_empty_space\"  style=\"height: 32px\" ><span\n\t\t\tclass=\"vc_empty_space_inner\">\n\t\t\t<span class=\"empty_space_image\"  ><\/span>\n\t\t<\/span><\/div>\n\n<\/div><\/div><\/div><\/div><\/div><\/div><div      class=\"vc_row wpb_row section vc_row-fluid vc_inner  grid_section\" style=' text-align:left;'><div class=\" section_inner clearfix\"><div class='section_inner_margin clearfix'><div class=\"wpb_column vc_column_container vc_col-sm-12\"><div class=\"vc_column-inner\"><div class=\"wpb_wrapper\">\n<div class=\"wpcf7 no-js\" id=\"wpcf7-f9878-o1\" lang=\"it-IT\" dir=\"ltr\" data-wpcf7-id=\"9878\">\n<div class=\"screen-reader-response\"><p role=\"status\" aria-live=\"polite\" aria-atomic=\"true\"><\/p> <ul><\/ul><\/div>\n<form action=\"\/es\/wp-json\/wp\/v2\/pages\/9757#wpcf7-f9878-o1\" method=\"post\" class=\"wpcf7-form init default\" aria-label=\"Modulo di contatto\" novalidate=\"novalidate\" data-status=\"init\">\n<fieldset class=\"hidden-fields-container\"><input type=\"hidden\" name=\"_wpcf7\" value=\"9878\" \/><input type=\"hidden\" name=\"_wpcf7_version\" value=\"6.1.5\" \/><input type=\"hidden\" name=\"_wpcf7_locale\" value=\"it_IT\" \/><input type=\"hidden\" name=\"_wpcf7_unit_tag\" value=\"wpcf7-f9878-o1\" \/><input type=\"hidden\" name=\"_wpcf7_container_post\" value=\"0\" \/><input type=\"hidden\" name=\"_wpcf7_posted_data_hash\" value=\"\" \/><input type=\"hidden\" name=\"_wpcf7_recaptcha_response\" value=\"\" \/>\n<\/fieldset>\n<div class=\"modulo_contatto\">\n\t<p class=\"campo_modulo\"><span class=\"wpcf7-form-control-wrap\" data-name=\"nome\"><input size=\"40\" maxlength=\"400\" class=\"wpcf7-form-control wpcf7-text wpcf7-validates-as-required\" aria-required=\"true\" aria-invalid=\"false\" placeholder=\"Nombre*\" value=\"\" type=\"text\" name=\"nome\" \/><\/span>\n\t<\/p>\n\t<p class=\"campo_modulo\"><span class=\"wpcf7-form-control-wrap\" data-name=\"cognome\"><input size=\"40\" maxlength=\"400\" class=\"wpcf7-form-control wpcf7-text\" aria-invalid=\"false\" placeholder=\"Apellido\" value=\"\" type=\"text\" name=\"cognome\" \/><\/span>\n\t<\/p>\n\t<p class=\"campo_modulo\"><span class=\"wpcf7-form-control-wrap\" data-name=\"email\"><input size=\"40\" maxlength=\"400\" class=\"wpcf7-form-control wpcf7-email wpcf7-validates-as-required wpcf7-text wpcf7-validates-as-email\" aria-required=\"true\" aria-invalid=\"false\" placeholder=\"Correo electr\u00f3nico*\" value=\"\" type=\"email\" name=\"email\" \/><\/span>\n\t<\/p>\n\t<h3 style=\"margin-bottom: 20px; font-size: 18px;\">Area de inter\u00e9s\n\t<\/h3>\n\t<p class=\"campo_modulo_check\"><span class=\"wpcf7-form-control-wrap\" data-name=\"Areadiinteresse\"><span class=\"wpcf7-form-control wpcf7-checkbox\"><span class=\"wpcf7-list-item first\"><input type=\"checkbox\" name=\"Areadiinteresse[]\" value=\"Qu\u00edmica\" \/><span class=\"wpcf7-list-item-label\">Qu\u00edmica<\/span><\/span><span class=\"wpcf7-list-item\"><input type=\"checkbox\" name=\"Areadiinteresse[]\" value=\"Madera\" \/><span class=\"wpcf7-list-item-label\">Madera<\/span><\/span><span class=\"wpcf7-list-item\"><input type=\"checkbox\" name=\"Areadiinteresse[]\" value=\"Muebles\" \/><span class=\"wpcf7-list-item-label\">Muebles<\/span><\/span><span class=\"wpcf7-list-item\"><input type=\"checkbox\" name=\"Areadiinteresse[]\" value=\"Fertilizante\" \/><span class=\"wpcf7-list-item-label\">Fertilizante<\/span><\/span><span class=\"wpcf7-list-item\"><input type=\"checkbox\" name=\"Areadiinteresse[]\" value=\"Alimentaci\u00f3n animal\" \/><span class=\"wpcf7-list-item-label\">Alimentaci\u00f3n animal<\/span><\/span><span class=\"wpcf7-list-item last\"><input type=\"checkbox\" name=\"Areadiinteresse[]\" value=\"Noticias corporativas\" \/><span class=\"wpcf7-list-item-label\">Noticias corporativas<\/span><\/span><\/span><\/span>\n\t<\/p>\n<\/div>\n<p><input class=\"wpcf7-form-control wpcf7-submit has-spinner\" type=\"submit\" value=\"Enviar\" \/>\n<\/p><div class=\"wpcf7-response-output\" aria-hidden=\"true\"><\/div>\n<\/form>\n<\/div>\n<\/div><\/div><\/div><\/div><\/div><\/div><\/div><\/div><\/div><\/div><\/div>\n<\/div>","protected":false},"excerpt":{"rendered":"Suscribirse al bolet\u00edn Area de inter\u00e9s Qu\u00edmicaMaderaMueblesFertilizanteAlimentaci\u00f3n animalNoticias corporativas","protected":false},"author":1,"featured_media":0,"parent":0,"menu_order":0,"comment_status":"closed","ping_status":"closed","template":"","meta":{"inline_featured_image":false,"h5ap_radio_sources":[],"footnotes":""},"class_list":["post-9757","page","type-page","status-publish","hentry"],"yoast_head":"<!-- This site is optimized with the Yoast SEO plugin v27.4 - https:\/\/yoast.com\/product\/yoast-seo-wordpress\/ -->\n<title>Newsletter - Gruppo Saviola<\/title>\n<meta name=\"robots\" content=\"index, follow, max-snippet:-1, max-image-preview:large, max-video-preview:-1\" \/>\n<link rel=\"canonical\" href=\"https:\/\/www.grupposaviola.com\/es\/newsletter\/\" \/>\n<meta property=\"og:locale\" content=\"es_ES\" \/>\n<meta property=\"og:type\" content=\"article\" \/>\n<meta property=\"og:title\" content=\"Newsletter - Gruppo Saviola\" \/>\n<meta property=\"og:url\" content=\"https:\/\/www.grupposaviola.com\/es\/newsletter\/\" \/>\n<meta property=\"og:site_name\" content=\"Gruppo Saviola\" \/>\n<meta property=\"article:modified_time\" content=\"2019-07-05T14:35:55+00:00\" \/>\n<meta name=\"twitter:card\" content=\"summary_large_image\" \/>\n<script type=\"application\/ld+json\" class=\"yoast-schema-graph\">{\"@context\":\"https:\\\/\\\/schema.org\",\"@graph\":[{\"@type\":\"WebPage\",\"@id\":\"https:\\\/\\\/www.grupposaviola.com\\\/es\\\/newsletter\\\/\",\"url\":\"https:\\\/\\\/www.grupposaviola.com\\\/es\\\/newsletter\\\/\",\"name\":\"Newsletter - Gruppo Saviola\",\"isPartOf\":{\"@id\":\"https:\\\/\\\/www.grupposaviola.com\\\/#website\"},\"datePublished\":\"2019-01-16T15:32:13+00:00\",\"dateModified\":\"2019-07-05T14:35:55+00:00\",\"breadcrumb\":{\"@id\":\"https:\\\/\\\/www.grupposaviola.com\\\/es\\\/newsletter\\\/#breadcrumb\"},\"inLanguage\":\"es\",\"potentialAction\":[{\"@type\":\"ReadAction\",\"target\":[\"https:\\\/\\\/www.grupposaviola.com\\\/es\\\/newsletter\\\/\"]}]},{\"@type\":\"BreadcrumbList\",\"@id\":\"https:\\\/\\\/www.grupposaviola.com\\\/es\\\/newsletter\\\/#breadcrumb\",\"itemListElement\":[{\"@type\":\"ListItem\",\"position\":1,\"name\":\"Home\",\"item\":\"https:\\\/\\\/www.grupposaviola.com\\\/es\\\/\"},{\"@type\":\"ListItem\",\"position\":2,\"name\":\"Newsletter\"}]},{\"@type\":\"WebSite\",\"@id\":\"https:\\\/\\\/www.grupposaviola.com\\\/#website\",\"url\":\"https:\\\/\\\/www.grupposaviola.com\\\/\",\"name\":\"Gruppo Saviola\",\"description\":\"The Eco-Ethical Company\",\"potentialAction\":[{\"@type\":\"SearchAction\",\"target\":{\"@type\":\"EntryPoint\",\"urlTemplate\":\"https:\\\/\\\/www.grupposaviola.com\\\/?s={search_term_string}\"},\"query-input\":{\"@type\":\"PropertyValueSpecification\",\"valueRequired\":true,\"valueName\":\"search_term_string\"}}],\"inLanguage\":\"es\"}]}<\/script>\n<!-- \/ Yoast SEO plugin. -->","yoast_head_json":{"title":"Newsletter - Gruppo Saviola","robots":{"index":"index","follow":"follow","max-snippet":"max-snippet:-1","max-image-preview":"max-image-preview:large","max-video-preview":"max-video-preview:-1"},"canonical":"https:\/\/www.grupposaviola.com\/es\/newsletter\/","og_locale":"es_ES","og_type":"article","og_title":"Newsletter - Gruppo Saviola","og_url":"https:\/\/www.grupposaviola.com\/es\/newsletter\/","og_site_name":"Gruppo Saviola","article_modified_time":"2019-07-05T14:35:55+00:00","twitter_card":"summary_large_image","schema":{"@context":"https:\/\/schema.org","@graph":[{"@type":"WebPage","@id":"https:\/\/www.grupposaviola.com\/es\/newsletter\/","url":"https:\/\/www.grupposaviola.com\/es\/newsletter\/","name":"Newsletter - Gruppo Saviola","isPartOf":{"@id":"https:\/\/www.grupposaviola.com\/#website"},"datePublished":"2019-01-16T15:32:13+00:00","dateModified":"2019-07-05T14:35:55+00:00","breadcrumb":{"@id":"https:\/\/www.grupposaviola.com\/es\/newsletter\/#breadcrumb"},"inLanguage":"es","potentialAction":[{"@type":"ReadAction","target":["https:\/\/www.grupposaviola.com\/es\/newsletter\/"]}]},{"@type":"BreadcrumbList","@id":"https:\/\/www.grupposaviola.com\/es\/newsletter\/#breadcrumb","itemListElement":[{"@type":"ListItem","position":1,"name":"Home","item":"https:\/\/www.grupposaviola.com\/es\/"},{"@type":"ListItem","position":2,"name":"Newsletter"}]},{"@type":"WebSite","@id":"https:\/\/www.grupposaviola.com\/#website","url":"https:\/\/www.grupposaviola.com\/","name":"Gruppo Saviola","description":"The Eco-Ethical Company","potentialAction":[{"@type":"SearchAction","target":{"@type":"EntryPoint","urlTemplate":"https:\/\/www.grupposaviola.com\/?s={search_term_string}"},"query-input":{"@type":"PropertyValueSpecification","valueRequired":true,"valueName":"search_term_string"}}],"inLanguage":"es"}]}},"_links":{"self":[{"href":"https:\/\/www.grupposaviola.com\/es\/wp-json\/wp\/v2\/pages\/9757","targetHints":{"allow":["GET"]}}],"collection":[{"href":"https:\/\/www.grupposaviola.com\/es\/wp-json\/wp\/v2\/pages"}],"about":[{"href":"https:\/\/www.grupposaviola.com\/es\/wp-json\/wp\/v2\/types\/page"}],"author":[{"embeddable":true,"href":"https:\/\/www.grupposaviola.com\/es\/wp-json\/wp\/v2\/users\/1"}],"replies":[{"embeddable":true,"href":"https:\/\/www.grupposaviola.com\/es\/wp-json\/wp\/v2\/comments?post=9757"}],"version-history":[{"count":2,"href":"https:\/\/www.grupposaviola.com\/es\/wp-json\/wp\/v2\/pages\/9757\/revisions"}],"predecessor-version":[{"id":10044,"href":"https:\/\/www.grupposaviola.com\/es\/wp-json\/wp\/v2\/pages\/9757\/revisions\/10044"}],"wp:attachment":[{"href":"https:\/\/www.grupposaviola.com\/es\/wp-json\/wp\/v2\/media?parent=9757"}],"curies":[{"name":"wp","href":"https:\/\/api.w.org\/{rel}","templated":true}]}}