{"id":9748,"date":"2018-07-03T12:20:03","date_gmt":"2018-07-03T10:20:03","guid":{"rendered":"https:\/\/grupposaviola.com\/carriera\/"},"modified":"2024-03-26T10:00:37","modified_gmt":"2024-03-26T09:00:37","slug":"carrera","status":"publish","type":"page","link":"https:\/\/www.grupposaviola.com\/es\/carrera\/","title":{"rendered":"Carrera"},"content":{"rendered":"<div class=\"wpb-content-wrapper\"><div      class=\"vc_row wpb_row section vc_row-fluid \" style='background-image:url(https:\/\/www.grupposaviola.com\/wp-content\/uploads\/2018\/09\/sfondo_1_carriera-1.png); text-align:left;'><div class=\" full_section_inner clearfix\"><div class=\"wpb_column vc_column_container vc_col-sm-12\"><div class=\"vc_column-inner\"><div class=\"wpb_wrapper\"><div class='q_elements_holder two_columns responsive_mode_from_768' ><div class='q_elements_item ' data-animation='no' data-item-class='q_elements_holder_custom_824623' style='vertical-align:middle;text-align:left;'><div class='q_elements_item_inner'><div class='q_elements_item_content q_elements_holder_custom_824623' style='padding:10%'>\n\t<div class=\"wpb_single_image wpb_content_element vc_align_left  element_from_fade\"><div style=\"-webkit-animation-delay:0.4s; animation-delay:0.4s; -webkit-transition-delay:0.4s; transition-delay:0.4s\">\n\t\t<div class=\"wpb_wrapper\">\n\t\t\t\n\t\t\t<div class=\"vc_single_image-wrapper   vc_box_border_grey\"><img loading=\"lazy\" decoding=\"async\" width=\"667\" height=\"885\" src=\"https:\/\/www.grupposaviola.com\/wp-content\/uploads\/2019\/04\/carriera.jpg\" class=\"vc_single_image-img attachment-full\" alt=\"\" title=\"carriera\" srcset=\"https:\/\/www.grupposaviola.com\/wp-content\/uploads\/2019\/04\/carriera.jpg 667w, https:\/\/www.grupposaviola.com\/wp-content\/uploads\/2019\/04\/carriera-226x300.jpg 226w\" sizes=\"auto, (max-width: 667px) 100vw, 667px\" \/><\/div>\n\t\t<\/div><\/div>\n\t<\/div>\n<\/div><\/div><\/div><div class='q_elements_item ' data-animation='no' data-item-class='q_elements_holder_custom_469803' style='vertical-align:middle;text-align:left;'><div class='q_elements_item_inner'><div class='q_elements_item_content q_elements_holder_custom_469803' style='padding:10%'>\n\t<div class=\"wpb_text_column wpb_content_element \">\n\t\t<div class=\"wpb_wrapper\">\n\t\t\t<h1>Careers<\/h1>\n\n\t\t<\/div> \n\t<\/div> \t<div class=\"vc_empty_space\"  style=\"height: 32px\" ><span\n\t\t\tclass=\"vc_empty_space_inner\">\n\t\t\t<span class=\"empty_space_image\"  ><\/span>\n\t\t<\/span><\/div>\n\n\n\t<div class=\"wpb_text_column wpb_content_element \">\n\t\t<div class=\"wpb_wrapper\">\n\t\t\t<p>Somos una comunidad y somos una Eco-Ethical Company donde Ambiente, Personas, Territorio, Calidad e Innovaci\u00f3n son los cinco valores clave que nos diferencian y que caracterizan a nuestras cinco almas del Grupo: Savionet, Saviola, Sadepan, Composad, Saviolife.<\/p>\n\n\t\t<\/div> \n\t<\/div> \t<div class=\"vc_empty_space\"  style=\"height: 32px\" ><span\n\t\t\tclass=\"vc_empty_space_inner\">\n\t\t\t<span class=\"empty_space_image\"  ><\/span>\n\t\t<\/span><\/div>\n\n\n\t<div class=\"wpb_text_column wpb_content_element \">\n\t\t<div class=\"wpb_wrapper\">\n\t\t\t<ul>\n<li><strong>Medio ambiente<\/strong>: significa sostenibilidad y \u00e9tica del reciclaje. Somos el mayor transformador de madera post-consumo del mundo, recuperamos y reutilizamos la materia prima que con nosotros renace a una nueva vida.<\/li>\n<li><strong>Personas<\/strong>: nos preocupamos por las personas y respetamos su trabajo. Por eso nos comprometemos a garantizar la adecuaci\u00f3n de los marcos organizativos y la protecci\u00f3n de la salud y la seguridad en el trabajo. La formaci\u00f3n y la participaci\u00f3n son nuestros principios rectores.<\/li>\n<li><strong>Territorio<\/strong>: estamos radicados en el territorio de origen, pero hemos sido capaces, a lo largo de los a\u00f1os, de ampliar el radio de acci\u00f3n en todo el mundo para crear una vasta red, hecha de importantes relaciones.<\/li>\n<li><strong>Calidad<\/strong>: cada producto y cada proceso se dise\u00f1a de forma ecol\u00f3gica y sostenible;<\/li>\n<li><strong>Innovaci\u00f3n<\/strong>: transversal a todas las Business Units del Grupo Saviola para ampliar la gama de productos seg\u00fan una l\u00f3gica de respeto al medio ambiente y a sus habitantes.<\/li>\n<\/ul>\n\n\t\t<\/div> \n\t<\/div> \t<div class=\"vc_empty_space\"  style=\"height: 32px\" ><span\n\t\t\tclass=\"vc_empty_space_inner\">\n\t\t\t<span class=\"empty_space_image\"  ><\/span>\n\t\t<\/span><\/div>\n\n\n\t<div class=\"wpb_text_column wpb_content_element \">\n\t\t<div class=\"wpb_wrapper\">\n\t\t\t<p>Si desea trabajar en una empresa s\u00f3lida, con una vocaci\u00f3n internacional, fuertemente orientada a la innovaci\u00f3n y la sostenibilidad, a continuaci\u00f3n puede enviar su solicitud.<\/p>\n\n\t\t<\/div> \n\t<\/div> \t<div class=\"vc_empty_space\"  style=\"height: 32px\" ><span\n\t\t\tclass=\"vc_empty_space_inner\">\n\t\t\t<span class=\"empty_space_image\"  ><\/span>\n\t\t<\/span><\/div>\n\n<\/div><\/div><\/div><\/div><\/div><\/div><\/div><\/div><\/div><div   data-q_id=\"#candidatura\"   data-q_header_style=\"light\" class=\"vc_row wpb_row section vc_row-fluid \" style=' text-align:center;'><div class=\" full_section_inner clearfix\"><div class=\"wpb_column vc_column_container vc_col-sm-12\"><div class=\"vc_column-inner\"><div class=\"wpb_wrapper\">\t<div class=\"vc_empty_space\"  style=\"height: 90px\" ><span\n\t\t\tclass=\"vc_empty_space_inner\">\n\t\t\t<span class=\"empty_space_image\"  ><\/span>\n\t\t<\/span><\/div>\n\n<div      class=\"vc_row wpb_row section vc_row-fluid vc_inner  grid_section\" style=' text-align:center;'><div class=\" section_inner clearfix\"><div class='section_inner_margin clearfix'><div class=\"wpb_column vc_column_container vc_col-sm-12\"><div class=\"vc_column-inner\"><div class=\"wpb_wrapper\">\n\t<div class=\"wpb_text_column wpb_content_element \">\n\t\t<div class=\"wpb_wrapper\">\n\t\t\t<h4 style=\"text-align: center;\">Env\u00eda tu candidatura<\/h4>\n\n\t\t<\/div> \n\t<\/div> <\/div><\/div><\/div><\/div><\/div><\/div>\t<div class=\"vc_empty_space\"  style=\"height: 90px\" ><span\n\t\t\tclass=\"vc_empty_space_inner\">\n\t\t\t<span class=\"empty_space_image\"  ><\/span>\n\t\t<\/span><\/div>\n\n<div      class=\"vc_row wpb_row section vc_row-fluid vc_inner  riga-contact-form grid_section\" style=' text-align:left;'><div class=\" section_inner clearfix\"><div class='section_inner_margin clearfix'><div class=\"wpb_column vc_column_container vc_col-sm-12\"><div class=\"vc_column-inner\"><div class=\"wpb_wrapper\">\n<div class=\"wpcf7 no-js\" id=\"wpcf7-f9881-o1\" lang=\"it-IT\" dir=\"ltr\" data-wpcf7-id=\"9881\">\n<div class=\"screen-reader-response\"><p role=\"status\" aria-live=\"polite\" aria-atomic=\"true\"><\/p> <ul><\/ul><\/div>\n<form action=\"\/es\/wp-json\/wp\/v2\/pages\/9748#wpcf7-f9881-o1\" method=\"post\" class=\"wpcf7-form init cf7_custom_style_1\" aria-label=\"Modulo di contatto\" enctype=\"multipart\/form-data\" novalidate=\"novalidate\" data-status=\"init\">\n<fieldset class=\"hidden-fields-container\"><input type=\"hidden\" name=\"_wpcf7\" value=\"9881\" \/><input type=\"hidden\" name=\"_wpcf7_version\" value=\"6.1.5\" \/><input type=\"hidden\" name=\"_wpcf7_locale\" value=\"it_IT\" \/><input type=\"hidden\" name=\"_wpcf7_unit_tag\" value=\"wpcf7-f9881-o1\" \/><input type=\"hidden\" name=\"_wpcf7_container_post\" value=\"0\" \/><input type=\"hidden\" name=\"_wpcf7_posted_data_hash\" value=\"\" \/><input type=\"hidden\" name=\"_wpcf7_recaptcha_response\" value=\"\" \/>\n<\/fieldset>\n<div class=\"blocco-1-contatto\">\n\t<p class=\"colonna-1\"> Nombre (requerido)<br \/>\n<span class=\"wpcf7-form-control-wrap\" data-name=\"nome\"><input size=\"40\" maxlength=\"400\" class=\"wpcf7-form-control wpcf7-text wpcf7-validates-as-required\" aria-required=\"true\" aria-invalid=\"false\" value=\"\" type=\"text\" name=\"nome\" \/><\/span>\n\t<\/p>\n\t<p class=\"colonna-1\"> Apellido (requerido)<br \/>\n<span class=\"wpcf7-form-control-wrap\" data-name=\"cognome\"><input size=\"40\" maxlength=\"400\" class=\"wpcf7-form-control wpcf7-text wpcf7-validates-as-required\" aria-required=\"true\" aria-invalid=\"false\" value=\"\" type=\"text\" name=\"cognome\" \/><\/span>\n\t<\/p>\n\t<p class=\"colonna-1\"> Correo electr\u00f3nico (requerido)<br \/>\n<span class=\"wpcf7-form-control-wrap\" data-name=\"email\"><input size=\"40\" maxlength=\"400\" class=\"wpcf7-form-control wpcf7-email wpcf7-validates-as-required wpcf7-text wpcf7-validates-as-email\" aria-required=\"true\" aria-invalid=\"false\" value=\"\" type=\"email\" name=\"email\" \/><\/span>\n\t<\/p>\n\t<p class=\"colonna-1\"> Tel\u00e9fono (requerido)<br \/>\n<span class=\"wpcf7-form-control-wrap\" data-name=\"telefono\"><input size=\"40\" maxlength=\"400\" class=\"wpcf7-form-control wpcf7-text wpcf7-validates-as-required\" aria-required=\"true\" aria-invalid=\"false\" value=\"\" type=\"text\" name=\"telefono\" \/><\/span>\n\t<\/p>\n\t<p class=\"colonna-1\"> Direcci\u00f3n (requerida)<br \/>\n<span class=\"wpcf7-form-control-wrap\" data-name=\"indirizzo\"><input size=\"40\" maxlength=\"400\" class=\"wpcf7-form-control wpcf7-text wpcf7-validates-as-required\" aria-required=\"true\" aria-invalid=\"false\" value=\"\" type=\"text\" name=\"indirizzo\" \/><\/span>\n\t<\/p>\n\t<p class=\"colonna-1\"> Ciudad (requerida)<br \/>\n<span class=\"wpcf7-form-control-wrap\" data-name=\"citta\"><input size=\"40\" maxlength=\"400\" class=\"wpcf7-form-control wpcf7-text wpcf7-validates-as-required\" aria-required=\"true\" aria-invalid=\"false\" value=\"\" type=\"text\" name=\"citta\" \/><\/span>\n\t<\/p>\n<\/div>\n<div class=\"blocco-2-contatto\">\n\t<p class=\"colonna-2\"> Area de inter\u00e9s<br \/>\n<span class=\"wpcf7-form-control-wrap\" data-name=\"area\"><span class=\"wpcf7-form-control wpcf7-checkbox\"><span class=\"wpcf7-list-item first\"><input type=\"checkbox\" name=\"area[]\" value=\"Administraci\u00f3n\" \/><span class=\"wpcf7-list-item-label\">Administraci\u00f3n<\/span><\/span><span class=\"wpcf7-list-item\"><input type=\"checkbox\" name=\"area[]\" value=\"Comercial\" \/><span class=\"wpcf7-list-item-label\">Comercial<\/span><\/span><span class=\"wpcf7-list-item\"><input type=\"checkbox\" name=\"area[]\" value=\"Control de calidad\" \/><span class=\"wpcf7-list-item-label\">Control de calidad<\/span><\/span><span class=\"wpcf7-list-item\"><input type=\"checkbox\" name=\"area[]\" value=\"Comunicaci\u00f3n\" \/><span class=\"wpcf7-list-item-label\">Comunicaci\u00f3n<\/span><\/span><span class=\"wpcf7-list-item\"><input type=\"checkbox\" name=\"area[]\" value=\"Innovaci\u00f3n producto\/proceso\" \/><span class=\"wpcf7-list-item-label\">Innovaci\u00f3n producto\/proceso<\/span><\/span><span class=\"wpcf7-list-item\"><input type=\"checkbox\" name=\"area[]\" value=\"\u00c1rea log\u00edstica\" \/><span class=\"wpcf7-list-item-label\">\u00c1rea log\u00edstica<\/span><\/span><span class=\"wpcf7-list-item\"><input type=\"checkbox\" name=\"area[]\" value=\"Mantenimiento\" \/><span class=\"wpcf7-list-item-label\">Mantenimiento<\/span><\/span><span class=\"wpcf7-list-item\"><input type=\"checkbox\" name=\"area[]\" value=\"Producci\u00f3n\" \/><span class=\"wpcf7-list-item-label\">Producci\u00f3n<\/span><\/span><span class=\"wpcf7-list-item last\"><input type=\"checkbox\" name=\"area[]\" value=\"Transporte\" \/><span class=\"wpcf7-list-item-label\">Transporte<\/span><\/span><\/span><\/span>\n\t<\/p>\n\t<p class=\"colonna-2\"> Sector industrial<br \/>\n<span class=\"wpcf7-form-control-wrap\" data-name=\"settore\"><span class=\"wpcf7-form-control wpcf7-checkbox\"><span class=\"wpcf7-list-item first\"><input type=\"checkbox\" name=\"settore[]\" value=\"Madera\" \/><span class=\"wpcf7-list-item-label\">Madera<\/span><\/span><span class=\"wpcf7-list-item\"><input type=\"checkbox\" name=\"settore[]\" value=\"Qu\u00edmica\" \/><span class=\"wpcf7-list-item-label\">Qu\u00edmica<\/span><\/span><span class=\"wpcf7-list-item\"><input type=\"checkbox\" name=\"settore[]\" value=\"Muebles\" \/><span class=\"wpcf7-list-item-label\">Muebles<\/span><\/span><span class=\"wpcf7-list-item\"><input type=\"checkbox\" name=\"settore[]\" value=\"Biociencias\" \/><span class=\"wpcf7-list-item-label\">Biociencias<\/span><\/span><span class=\"wpcf7-list-item last\"><input type=\"checkbox\" name=\"settore[]\" value=\"Transporte\" \/><span class=\"wpcf7-list-item-label\">Transporte<\/span><\/span><\/span><\/span>\n\t<\/p>\n<\/div>\n<div class=\"blocco-3-contatto\">\n\t<p class=\"colonna-3\"> Adjuntar Curriculum Vitae<br \/>\n<span class=\"wpcf7-form-control-wrap\" data-name=\"curriculum\"><input size=\"40\" class=\"wpcf7-form-control wpcf7-file\" accept=\"audio\/*,video\/*,image\/*\" aria-invalid=\"false\" type=\"file\" name=\"curriculum\" \/><\/span>\n\t<\/p>\n\t<p class=\"colonna-3\"> Notas adicionales<br \/>\n<span class=\"wpcf7-form-control-wrap\" data-name=\"note\"><textarea cols=\"40\" rows=\"10\" maxlength=\"2000\" class=\"wpcf7-form-control wpcf7-textarea\" aria-invalid=\"false\" name=\"note\"><\/textarea><\/span>\n\t<\/p>\n<\/div>\n\n<p class=\"campo-contact accettazioni\"><span class=\"wpcf7-form-control-wrap\" data-name=\"privacy\"><span class=\"wpcf7-form-control wpcf7-acceptance\"><span class=\"wpcf7-list-item\"><input type=\"checkbox\" name=\"privacy\" value=\"1\" aria-invalid=\"false\" \/><\/span><\/span><\/span> Declaro haber le\u00eddo y acepto la informaci\u00f3n sobre la <a style=\"color:#000!important;\" href=\"https:\/\/www.grupposaviola.com\/de\/privacy-policy\/\" target=\"_blank\">Pol\u00edtica de Privacidad<\/a>\n<\/p>\n<p><input class=\"wpcf7-form-control wpcf7-submit has-spinner\" type=\"submit\" value=\"Enviar\" \/>\n<\/p><div class=\"wpcf7-response-output\" aria-hidden=\"true\"><\/div>\n<\/form>\n<\/div>\n<\/div><\/div><\/div><\/div><\/div><\/div><\/div><\/div><\/div><\/div><\/div>\n<\/div>","protected":false},"excerpt":{"rendered":"Careers Somos una comunidad y somos una Eco-Ethical Company donde Ambiente, Personas, Territorio, Calidad e Innovaci\u00f3n son los cinco valores clave que nos diferencian y que caracterizan a nuestras cinco almas del Grupo: Savionet, Saviola, Sadepan, Composad, Saviolife. Medio ambiente: significa sostenibilidad y \u00e9tica del...","protected":false},"author":1,"featured_media":0,"parent":0,"menu_order":0,"comment_status":"closed","ping_status":"closed","template":"full_width.php","meta":{"inline_featured_image":false,"h5ap_radio_sources":[],"footnotes":""},"class_list":["post-9748","page","type-page","status-publish","hentry"],"yoast_head":"<!-- This site is optimized with the Yoast SEO plugin v26.9 - https:\/\/yoast.com\/product\/yoast-seo-wordpress\/ -->\n<title>Carrera - Gruppo Saviola<\/title>\n<meta name=\"robots\" content=\"index, follow, max-snippet:-1, max-image-preview:large, max-video-preview:-1\" \/>\n<link rel=\"canonical\" href=\"https:\/\/www.grupposaviola.com\/es\/carrera\/\" \/>\n<meta property=\"og:locale\" content=\"es_ES\" \/>\n<meta property=\"og:type\" content=\"article\" \/>\n<meta property=\"og:title\" content=\"Carrera - Gruppo Saviola\" \/>\n<meta property=\"og:url\" content=\"https:\/\/www.grupposaviola.com\/es\/carrera\/\" \/>\n<meta property=\"og:site_name\" content=\"Gruppo Saviola\" \/>\n<meta property=\"article:modified_time\" content=\"2024-03-26T09:00:37+00:00\" \/>\n<meta name=\"twitter:card\" content=\"summary_large_image\" \/>\n<meta name=\"twitter:label1\" content=\"Tiempo de lectura\" \/>\n\t<meta name=\"twitter:data1\" content=\"2 minutos\" \/>\n<script type=\"application\/ld+json\" class=\"yoast-schema-graph\">{\"@context\":\"https:\/\/schema.org\",\"@graph\":[{\"@type\":\"WebPage\",\"@id\":\"https:\/\/www.grupposaviola.com\/es\/carrera\/\",\"url\":\"https:\/\/www.grupposaviola.com\/es\/carrera\/\",\"name\":\"Carrera - Gruppo Saviola\",\"isPartOf\":{\"@id\":\"https:\/\/www.grupposaviola.com\/#website\"},\"datePublished\":\"2018-07-03T10:20:03+00:00\",\"dateModified\":\"2024-03-26T09:00:37+00:00\",\"breadcrumb\":{\"@id\":\"https:\/\/www.grupposaviola.com\/es\/carrera\/#breadcrumb\"},\"inLanguage\":\"es\",\"potentialAction\":[{\"@type\":\"ReadAction\",\"target\":[\"https:\/\/www.grupposaviola.com\/es\/carrera\/\"]}]},{\"@type\":\"BreadcrumbList\",\"@id\":\"https:\/\/www.grupposaviola.com\/es\/carrera\/#breadcrumb\",\"itemListElement\":[{\"@type\":\"ListItem\",\"position\":1,\"name\":\"Home\",\"item\":\"https:\/\/www.grupposaviola.com\/es\/\"},{\"@type\":\"ListItem\",\"position\":2,\"name\":\"Carrera\"}]},{\"@type\":\"WebSite\",\"@id\":\"https:\/\/www.grupposaviola.com\/#website\",\"url\":\"https:\/\/www.grupposaviola.com\/\",\"name\":\"Gruppo Saviola\",\"description\":\"The Eco-Ethical Company\",\"potentialAction\":[{\"@type\":\"SearchAction\",\"target\":{\"@type\":\"EntryPoint\",\"urlTemplate\":\"https:\/\/www.grupposaviola.com\/?s={search_term_string}\"},\"query-input\":{\"@type\":\"PropertyValueSpecification\",\"valueRequired\":true,\"valueName\":\"search_term_string\"}}],\"inLanguage\":\"es\"}]}<\/script>\n<!-- \/ Yoast SEO plugin. -->","yoast_head_json":{"title":"Carrera - Gruppo Saviola","robots":{"index":"index","follow":"follow","max-snippet":"max-snippet:-1","max-image-preview":"max-image-preview:large","max-video-preview":"max-video-preview:-1"},"canonical":"https:\/\/www.grupposaviola.com\/es\/carrera\/","og_locale":"es_ES","og_type":"article","og_title":"Carrera - Gruppo Saviola","og_url":"https:\/\/www.grupposaviola.com\/es\/carrera\/","og_site_name":"Gruppo Saviola","article_modified_time":"2024-03-26T09:00:37+00:00","twitter_card":"summary_large_image","twitter_misc":{"Tiempo de lectura":"2 minutos"},"schema":{"@context":"https:\/\/schema.org","@graph":[{"@type":"WebPage","@id":"https:\/\/www.grupposaviola.com\/es\/carrera\/","url":"https:\/\/www.grupposaviola.com\/es\/carrera\/","name":"Carrera - Gruppo Saviola","isPartOf":{"@id":"https:\/\/www.grupposaviola.com\/#website"},"datePublished":"2018-07-03T10:20:03+00:00","dateModified":"2024-03-26T09:00:37+00:00","breadcrumb":{"@id":"https:\/\/www.grupposaviola.com\/es\/carrera\/#breadcrumb"},"inLanguage":"es","potentialAction":[{"@type":"ReadAction","target":["https:\/\/www.grupposaviola.com\/es\/carrera\/"]}]},{"@type":"BreadcrumbList","@id":"https:\/\/www.grupposaviola.com\/es\/carrera\/#breadcrumb","itemListElement":[{"@type":"ListItem","position":1,"name":"Home","item":"https:\/\/www.grupposaviola.com\/es\/"},{"@type":"ListItem","position":2,"name":"Carrera"}]},{"@type":"WebSite","@id":"https:\/\/www.grupposaviola.com\/#website","url":"https:\/\/www.grupposaviola.com\/","name":"Gruppo Saviola","description":"The Eco-Ethical Company","potentialAction":[{"@type":"SearchAction","target":{"@type":"EntryPoint","urlTemplate":"https:\/\/www.grupposaviola.com\/?s={search_term_string}"},"query-input":{"@type":"PropertyValueSpecification","valueRequired":true,"valueName":"search_term_string"}}],"inLanguage":"es"}]}},"_links":{"self":[{"href":"https:\/\/www.grupposaviola.com\/es\/wp-json\/wp\/v2\/pages\/9748","targetHints":{"allow":["GET"]}}],"collection":[{"href":"https:\/\/www.grupposaviola.com\/es\/wp-json\/wp\/v2\/pages"}],"about":[{"href":"https:\/\/www.grupposaviola.com\/es\/wp-json\/wp\/v2\/types\/page"}],"author":[{"embeddable":true,"href":"https:\/\/www.grupposaviola.com\/es\/wp-json\/wp\/v2\/users\/1"}],"replies":[{"embeddable":true,"href":"https:\/\/www.grupposaviola.com\/es\/wp-json\/wp\/v2\/comments?post=9748"}],"version-history":[{"count":5,"href":"https:\/\/www.grupposaviola.com\/es\/wp-json\/wp\/v2\/pages\/9748\/revisions"}],"predecessor-version":[{"id":14015,"href":"https:\/\/www.grupposaviola.com\/es\/wp-json\/wp\/v2\/pages\/9748\/revisions\/14015"}],"wp:attachment":[{"href":"https:\/\/www.grupposaviola.com\/es\/wp-json\/wp\/v2\/media?parent=9748"}],"curies":[{"name":"wp","href":"https:\/\/api.w.org\/{rel}","templated":true}]}}