{"id":9727,"date":"2018-07-16T17:29:03","date_gmt":"2018-07-16T15:29:03","guid":{"rendered":"https:\/\/grupposaviola.com\/le-aziende\/"},"modified":"2022-07-22T15:13:13","modified_gmt":"2022-07-22T13:13:13","slug":"las-empresas","status":"publish","type":"page","link":"https:\/\/www.grupposaviola.com\/es\/las-empresas\/","title":{"rendered":"Las Empresas"},"content":{"rendered":"<div class=\"wpb-content-wrapper\"><div      class=\"vc_row wpb_row section vc_row-fluid  chiave-per-successo grid_section\" style='background-color:rgba(197,197,197,0.3); text-align:left;'><div class=\" section_inner clearfix\"><div class='section_inner_margin clearfix'><div class=\"wpb_column vc_column_container vc_col-sm-12\"><div class=\"vc_column-inner\"><div class=\"wpb_wrapper\">\t<div class=\"vc_empty_space  spazio-da-160-a-60\"  style=\"height: 160px\" ><span\n\t\t\tclass=\"vc_empty_space_inner\">\n\t\t\t<span class=\"empty_space_image\"  ><\/span>\n\t\t<\/span><\/div>\n\n\n\t<div class=\"wpb_text_column wpb_content_element \">\n\t\t<div class=\"wpb_wrapper\">\n\t\t\t<h1>La clave del \u00e9xito: integraci\u00f3n vertical y horizontal<\/h1>\n\n\t\t<\/div> \n\t<\/div> \t<div class=\"vc_empty_space\"  style=\"height: 32px\" ><span\n\t\t\tclass=\"vc_empty_space_inner\">\n\t\t\t<span class=\"empty_space_image\"  ><\/span>\n\t\t<\/span><\/div>\n\n\n\t<div class=\"wpb_text_column wpb_content_element \">\n\t\t<div class=\"wpb_wrapper\">\n\t\t\t<p>El Grupo integra sin\u00e9rgicamente a varias empresas nacionales e internacionales divididas en cuatro sectores comerciales: Madera con Saviola, Qu\u00edmica con Sadepan, Muebles con Composad y biociencias con Saviolife, con un total de 14 plantas en el mundo y m\u00e1s de 700 millones de euros de facturaci\u00f3n global.<\/p>\n<p>&nbsp;<\/p>\n<p>N\u00fameros que confirman al Grupo entre las primeras 300 industrias italianas y del mundo para los sectores de referencia. La estrategia de adquisiciones, sinergia y expansi\u00f3n de la cartera de productos ha llevado a consolidar -en el tiempo- un modelo de integraci\u00f3n vertical y horizontal \u00fanico en el mercado.<\/p>\n\n\t\t<\/div> \n\t<\/div> \t<div class=\"vc_empty_space\"  style=\"height: 60px\" ><span\n\t\t\tclass=\"vc_empty_space_inner\">\n\t\t\t<span class=\"empty_space_image\"  ><\/span>\n\t\t<\/span><\/div>\n\n<\/div><\/div><\/div><\/div><\/div><\/div><div      class=\"vc_row wpb_row section vc_row-fluid  solo_desk\" style='background-image:url(https:\/\/www.grupposaviola.com\/wp-content\/uploads\/2019\/01\/sfondo_azienda_desk.jpg); text-align:left;'><div class=\" full_section_inner clearfix\"><div class=\"wpb_column vc_column_container vc_col-sm-12\"><div class=\"vc_column-inner\"><div class=\"wpb_wrapper\">\t<div class=\"vc_empty_space\"  style=\"height: 160px\" ><span\n\t\t\tclass=\"vc_empty_space_inner\">\n\t\t\t<span class=\"empty_space_image\"  ><\/span>\n\t\t<\/span><\/div>\n\n<div      class=\"vc_row wpb_row section vc_row-fluid vc_inner  grid_section\" style=' text-align:left;'><div class=\" section_inner clearfix\"><div class='section_inner_margin clearfix'><div class=\"wpb_column vc_column_container vc_col-sm-12\"><div class=\"vc_column-inner\"><div class=\"wpb_wrapper\">\n\t<div class=\"wpb_single_image wpb_content_element vc_align_center\">\n\t\t<div class=\"wpb_wrapper\">\n\t\t\t\n\t\t\t<div class=\"vc_single_image-wrapper   vc_box_border_grey\"><img loading=\"lazy\" decoding=\"async\" width=\"1602\" height=\"531\" src=\"https:\/\/www.grupposaviola.com\/wp-content\/uploads\/2019\/01\/aziende.png\" class=\"vc_single_image-img attachment-full\" alt=\"\" title=\"aziende\" srcset=\"https:\/\/www.grupposaviola.com\/wp-content\/uploads\/2019\/01\/aziende.png 1602w, https:\/\/www.grupposaviola.com\/wp-content\/uploads\/2019\/01\/aziende-300x99.png 300w, https:\/\/www.grupposaviola.com\/wp-content\/uploads\/2019\/01\/aziende-768x255.png 768w, https:\/\/www.grupposaviola.com\/wp-content\/uploads\/2019\/01\/aziende-1024x339.png 1024w, https:\/\/www.grupposaviola.com\/wp-content\/uploads\/2019\/01\/aziende-700x232.png 700w\" sizes=\"auto, (max-width: 1602px) 100vw, 1602px\" \/><\/div>\n\t\t<\/div>\n\t<\/div>\n<\/div><\/div><\/div><\/div><\/div><\/div>\t<div class=\"vc_empty_space\"  style=\"height: 160px\" ><span\n\t\t\tclass=\"vc_empty_space_inner\">\n\t\t\t<span class=\"empty_space_image\"  ><\/span>\n\t\t<\/span><\/div>\n\n<\/div><\/div><\/div><\/div><\/div><div      class=\"vc_row wpb_row section vc_row-fluid  solo_mobile\" style='background-image:url(https:\/\/www.grupposaviola.com\/wp-content\/uploads\/2019\/01\/sfondo_azienda_mobile.jpg); text-align:left;'><div class=\" full_section_inner clearfix\"><div class=\"wpb_column vc_column_container vc_col-sm-12\"><div class=\"vc_column-inner\"><div class=\"wpb_wrapper\">\t<div class=\"vc_empty_space\"  style=\"height: 60px\" ><span\n\t\t\tclass=\"vc_empty_space_inner\">\n\t\t\t<span class=\"empty_space_image\"  ><\/span>\n\t\t<\/span><\/div>\n\n<div      class=\"vc_row wpb_row section vc_row-fluid vc_inner  grid_section\" style=' text-align:left;'><div class=\" section_inner clearfix\"><div class='section_inner_margin clearfix'><div class=\"wpb_column vc_column_container vc_col-sm-12\"><div class=\"vc_column-inner\"><div class=\"wpb_wrapper\">\n\t<div class=\"wpb_single_image wpb_content_element vc_align_center\">\n\t\t<div class=\"wpb_wrapper\">\n\t\t\t\n\t\t\t<div class=\"vc_single_image-wrapper   vc_box_border_grey\"><img loading=\"lazy\" decoding=\"async\" width=\"961\" height=\"1128\" src=\"https:\/\/www.grupposaviola.com\/wp-content\/uploads\/2019\/01\/aziende_mobile.png\" class=\"vc_single_image-img attachment-full\" alt=\"\" title=\"aziende_mobile\" srcset=\"https:\/\/www.grupposaviola.com\/wp-content\/uploads\/2019\/01\/aziende_mobile.png 961w, https:\/\/www.grupposaviola.com\/wp-content\/uploads\/2019\/01\/aziende_mobile-256x300.png 256w, https:\/\/www.grupposaviola.com\/wp-content\/uploads\/2019\/01\/aziende_mobile-768x901.png 768w, https:\/\/www.grupposaviola.com\/wp-content\/uploads\/2019\/01\/aziende_mobile-872x1024.png 872w, https:\/\/www.grupposaviola.com\/wp-content\/uploads\/2019\/01\/aziende_mobile-700x822.png 700w\" sizes=\"auto, (max-width: 961px) 100vw, 961px\" \/><\/div>\n\t\t<\/div>\n\t<\/div>\n<\/div><\/div><\/div><\/div><\/div><\/div>\t<div class=\"vc_empty_space\"  style=\"height: 60px\" ><span\n\t\t\tclass=\"vc_empty_space_inner\">\n\t\t\t<span class=\"empty_space_image\"  ><\/span>\n\t\t<\/span><\/div>\n\n<\/div><\/div><\/div><\/div><\/div>\n<\/div>","protected":false},"excerpt":{"rendered":"La clave del \u00e9xito: integraci\u00f3n vertical y horizontal El Grupo integra sin\u00e9rgicamente a varias empresas nacionales e internacionales divididas en cuatro sectores comerciales: Madera con Saviola, Qu\u00edmica con Sadepan, Muebles con Composad y biociencias con Saviolife, con un total de 14 plantas en el mundo...","protected":false},"author":1,"featured_media":0,"parent":0,"menu_order":0,"comment_status":"closed","ping_status":"closed","template":"full_width.php","meta":{"inline_featured_image":false,"h5ap_radio_sources":[],"footnotes":""},"class_list":["post-9727","page","type-page","status-publish","hentry"],"yoast_head":"<!-- This site is optimized with the Yoast SEO plugin v27.4 - https:\/\/yoast.com\/product\/yoast-seo-wordpress\/ -->\n<title>Las Empresas - Gruppo Saviola<\/title>\n<meta name=\"robots\" content=\"index, follow, max-snippet:-1, max-image-preview:large, max-video-preview:-1\" \/>\n<link rel=\"canonical\" href=\"https:\/\/www.grupposaviola.com\/es\/las-empresas\/\" \/>\n<meta property=\"og:locale\" content=\"es_ES\" \/>\n<meta property=\"og:type\" content=\"article\" \/>\n<meta property=\"og:title\" content=\"Las Empresas - Gruppo Saviola\" \/>\n<meta property=\"og:url\" content=\"https:\/\/www.grupposaviola.com\/es\/las-empresas\/\" \/>\n<meta property=\"og:site_name\" content=\"Gruppo Saviola\" \/>\n<meta property=\"article:modified_time\" content=\"2022-07-22T13:13:13+00:00\" \/>\n<meta name=\"twitter:card\" content=\"summary_large_image\" \/>\n<meta name=\"twitter:label1\" content=\"Tiempo de lectura\" \/>\n\t<meta name=\"twitter:data1\" content=\"2 minutos\" \/>\n<script type=\"application\/ld+json\" class=\"yoast-schema-graph\">{\"@context\":\"https:\\\/\\\/schema.org\",\"@graph\":[{\"@type\":\"WebPage\",\"@id\":\"https:\\\/\\\/www.grupposaviola.com\\\/es\\\/las-empresas\\\/\",\"url\":\"https:\\\/\\\/www.grupposaviola.com\\\/es\\\/las-empresas\\\/\",\"name\":\"Las Empresas - Gruppo Saviola\",\"isPartOf\":{\"@id\":\"https:\\\/\\\/www.grupposaviola.com\\\/#website\"},\"datePublished\":\"2018-07-16T15:29:03+00:00\",\"dateModified\":\"2022-07-22T13:13:13+00:00\",\"breadcrumb\":{\"@id\":\"https:\\\/\\\/www.grupposaviola.com\\\/es\\\/las-empresas\\\/#breadcrumb\"},\"inLanguage\":\"es\",\"potentialAction\":[{\"@type\":\"ReadAction\",\"target\":[\"https:\\\/\\\/www.grupposaviola.com\\\/es\\\/las-empresas\\\/\"]}]},{\"@type\":\"BreadcrumbList\",\"@id\":\"https:\\\/\\\/www.grupposaviola.com\\\/es\\\/las-empresas\\\/#breadcrumb\",\"itemListElement\":[{\"@type\":\"ListItem\",\"position\":1,\"name\":\"Home\",\"item\":\"https:\\\/\\\/www.grupposaviola.com\\\/es\\\/\"},{\"@type\":\"ListItem\",\"position\":2,\"name\":\"Las Empresas\"}]},{\"@type\":\"WebSite\",\"@id\":\"https:\\\/\\\/www.grupposaviola.com\\\/#website\",\"url\":\"https:\\\/\\\/www.grupposaviola.com\\\/\",\"name\":\"Gruppo Saviola\",\"description\":\"The Eco-Ethical Company\",\"potentialAction\":[{\"@type\":\"SearchAction\",\"target\":{\"@type\":\"EntryPoint\",\"urlTemplate\":\"https:\\\/\\\/www.grupposaviola.com\\\/?s={search_term_string}\"},\"query-input\":{\"@type\":\"PropertyValueSpecification\",\"valueRequired\":true,\"valueName\":\"search_term_string\"}}],\"inLanguage\":\"es\"}]}<\/script>\n<!-- \/ Yoast SEO plugin. -->","yoast_head_json":{"title":"Las Empresas - Gruppo Saviola","robots":{"index":"index","follow":"follow","max-snippet":"max-snippet:-1","max-image-preview":"max-image-preview:large","max-video-preview":"max-video-preview:-1"},"canonical":"https:\/\/www.grupposaviola.com\/es\/las-empresas\/","og_locale":"es_ES","og_type":"article","og_title":"Las Empresas - Gruppo Saviola","og_url":"https:\/\/www.grupposaviola.com\/es\/las-empresas\/","og_site_name":"Gruppo Saviola","article_modified_time":"2022-07-22T13:13:13+00:00","twitter_card":"summary_large_image","twitter_misc":{"Tiempo de lectura":"2 minutos"},"schema":{"@context":"https:\/\/schema.org","@graph":[{"@type":"WebPage","@id":"https:\/\/www.grupposaviola.com\/es\/las-empresas\/","url":"https:\/\/www.grupposaviola.com\/es\/las-empresas\/","name":"Las Empresas - Gruppo Saviola","isPartOf":{"@id":"https:\/\/www.grupposaviola.com\/#website"},"datePublished":"2018-07-16T15:29:03+00:00","dateModified":"2022-07-22T13:13:13+00:00","breadcrumb":{"@id":"https:\/\/www.grupposaviola.com\/es\/las-empresas\/#breadcrumb"},"inLanguage":"es","potentialAction":[{"@type":"ReadAction","target":["https:\/\/www.grupposaviola.com\/es\/las-empresas\/"]}]},{"@type":"BreadcrumbList","@id":"https:\/\/www.grupposaviola.com\/es\/las-empresas\/#breadcrumb","itemListElement":[{"@type":"ListItem","position":1,"name":"Home","item":"https:\/\/www.grupposaviola.com\/es\/"},{"@type":"ListItem","position":2,"name":"Las Empresas"}]},{"@type":"WebSite","@id":"https:\/\/www.grupposaviola.com\/#website","url":"https:\/\/www.grupposaviola.com\/","name":"Gruppo Saviola","description":"The Eco-Ethical Company","potentialAction":[{"@type":"SearchAction","target":{"@type":"EntryPoint","urlTemplate":"https:\/\/www.grupposaviola.com\/?s={search_term_string}"},"query-input":{"@type":"PropertyValueSpecification","valueRequired":true,"valueName":"search_term_string"}}],"inLanguage":"es"}]}},"_links":{"self":[{"href":"https:\/\/www.grupposaviola.com\/es\/wp-json\/wp\/v2\/pages\/9727","targetHints":{"allow":["GET"]}}],"collection":[{"href":"https:\/\/www.grupposaviola.com\/es\/wp-json\/wp\/v2\/pages"}],"about":[{"href":"https:\/\/www.grupposaviola.com\/es\/wp-json\/wp\/v2\/types\/page"}],"author":[{"embeddable":true,"href":"https:\/\/www.grupposaviola.com\/es\/wp-json\/wp\/v2\/users\/1"}],"replies":[{"embeddable":true,"href":"https:\/\/www.grupposaviola.com\/es\/wp-json\/wp\/v2\/comments?post=9727"}],"version-history":[{"count":5,"href":"https:\/\/www.grupposaviola.com\/es\/wp-json\/wp\/v2\/pages\/9727\/revisions"}],"predecessor-version":[{"id":12908,"href":"https:\/\/www.grupposaviola.com\/es\/wp-json\/wp\/v2\/pages\/9727\/revisions\/12908"}],"wp:attachment":[{"href":"https:\/\/www.grupposaviola.com\/es\/wp-json\/wp\/v2\/media?parent=9727"}],"curies":[{"name":"wp","href":"https:\/\/api.w.org\/{rel}","templated":true}]}}