{"id":9726,"date":"2018-07-16T17:29:03","date_gmt":"2018-07-16T15:29:03","guid":{"rendered":"https:\/\/grupposaviola.com\/le-aziende\/"},"modified":"2022-07-22T15:13:00","modified_gmt":"2022-07-22T13:13:00","slug":"die-unternehmen","status":"publish","type":"page","link":"https:\/\/www.grupposaviola.com\/de\/die-unternehmen\/","title":{"rendered":"Die Unternehmen"},"content":{"rendered":"<div class=\"wpb-content-wrapper\"><div      class=\"vc_row wpb_row section vc_row-fluid  chiave-per-successo grid_section\" style='background-color:rgba(197,197,197,0.3); text-align:left;'><div class=\" section_inner clearfix\"><div class='section_inner_margin clearfix'><div class=\"wpb_column vc_column_container vc_col-sm-12\"><div class=\"vc_column-inner\"><div class=\"wpb_wrapper\">\t<div class=\"vc_empty_space  spazio-da-160-a-60\"  style=\"height: 160px\" ><span\n\t\t\tclass=\"vc_empty_space_inner\">\n\t\t\t<span class=\"empty_space_image\"  ><\/span>\n\t\t<\/span><\/div>\n\n\n\t<div class=\"wpb_text_column wpb_content_element \">\n\t\t<div class=\"wpb_wrapper\">\n\t\t\t<h1>Der Schl\u00fcssel zum Erfolg: vertikale und horizontale Integration<\/h1>\n\n\t\t<\/div> \n\t<\/div> \t<div class=\"vc_empty_space\"  style=\"height: 32px\" ><span\n\t\t\tclass=\"vc_empty_space_inner\">\n\t\t\t<span class=\"empty_space_image\"  ><\/span>\n\t\t<\/span><\/div>\n\n\n\t<div class=\"wpb_text_column wpb_content_element \">\n\t\t<div class=\"wpb_wrapper\">\n\t\t\t<p>Der Konzern integriert synergetisch nationale und internationale Unternehmen, die vier unterschiedlichen Gesch\u00e4ftsbereichen angeh\u00f6ren: Holz mit Saviola, Chemie mit Sadepan, M\u00f6bel mit Composad und Biowissenschaften mit Saviolife, mit insgesamt 14 Werken weltweit und \u00fcber 700 Mio. Euro Gesamtumsatz.<\/p>\n<p>&nbsp;<\/p>\n<p>Diese Zahlen best\u00e4tigen, dass der Konzern zu den 300 wichtigsten italienischen Industrieunternehmen und in seinen T\u00e4tigkeitsbranchen weltweit zur Spitze z\u00e4hlt. Die Strategie der Akquisitionen, Synergien und Erweiterungen des Produktportfolios hat im Laufe der Zeit zur Konsolidierung eines auf dem Markt einzigartigen Modells der vertikalen und horizontalen Integration gef\u00fchrt.<\/p>\n\n\t\t<\/div> \n\t<\/div> \t<div class=\"vc_empty_space\"  style=\"height: 60px\" ><span\n\t\t\tclass=\"vc_empty_space_inner\">\n\t\t\t<span class=\"empty_space_image\"  ><\/span>\n\t\t<\/span><\/div>\n\n<\/div><\/div><\/div><\/div><\/div><\/div><div      class=\"vc_row wpb_row section vc_row-fluid  solo_desk\" style='background-image:url(https:\/\/www.grupposaviola.com\/wp-content\/uploads\/2019\/01\/sfondo_azienda_desk.jpg); text-align:left;'><div class=\" full_section_inner clearfix\"><div class=\"wpb_column vc_column_container vc_col-sm-12\"><div class=\"vc_column-inner\"><div class=\"wpb_wrapper\">\t<div class=\"vc_empty_space\"  style=\"height: 160px\" ><span\n\t\t\tclass=\"vc_empty_space_inner\">\n\t\t\t<span class=\"empty_space_image\"  ><\/span>\n\t\t<\/span><\/div>\n\n<div      class=\"vc_row wpb_row section vc_row-fluid vc_inner  grid_section\" style=' text-align:left;'><div class=\" section_inner clearfix\"><div class='section_inner_margin clearfix'><div class=\"wpb_column vc_column_container vc_col-sm-12\"><div class=\"vc_column-inner\"><div class=\"wpb_wrapper\">\n\t<div class=\"wpb_single_image wpb_content_element vc_align_center\">\n\t\t<div class=\"wpb_wrapper\">\n\t\t\t\n\t\t\t<div class=\"vc_single_image-wrapper   vc_box_border_grey\"><img loading=\"lazy\" decoding=\"async\" width=\"1602\" height=\"531\" src=\"https:\/\/www.grupposaviola.com\/wp-content\/uploads\/2019\/01\/aziende.png\" class=\"vc_single_image-img attachment-full\" alt=\"\" title=\"aziende\" srcset=\"https:\/\/www.grupposaviola.com\/wp-content\/uploads\/2019\/01\/aziende.png 1602w, https:\/\/www.grupposaviola.com\/wp-content\/uploads\/2019\/01\/aziende-300x99.png 300w, https:\/\/www.grupposaviola.com\/wp-content\/uploads\/2019\/01\/aziende-768x255.png 768w, https:\/\/www.grupposaviola.com\/wp-content\/uploads\/2019\/01\/aziende-1024x339.png 1024w, https:\/\/www.grupposaviola.com\/wp-content\/uploads\/2019\/01\/aziende-700x232.png 700w\" sizes=\"auto, (max-width: 1602px) 100vw, 1602px\" \/><\/div>\n\t\t<\/div>\n\t<\/div>\n<\/div><\/div><\/div><\/div><\/div><\/div>\t<div class=\"vc_empty_space\"  style=\"height: 160px\" ><span\n\t\t\tclass=\"vc_empty_space_inner\">\n\t\t\t<span class=\"empty_space_image\"  ><\/span>\n\t\t<\/span><\/div>\n\n<\/div><\/div><\/div><\/div><\/div><div      class=\"vc_row wpb_row section vc_row-fluid  solo_mobile\" style='background-image:url(https:\/\/www.grupposaviola.com\/wp-content\/uploads\/2019\/01\/sfondo_azienda_mobile.jpg); text-align:left;'><div class=\" full_section_inner clearfix\"><div class=\"wpb_column vc_column_container vc_col-sm-12\"><div class=\"vc_column-inner\"><div class=\"wpb_wrapper\">\t<div class=\"vc_empty_space\"  style=\"height: 60px\" ><span\n\t\t\tclass=\"vc_empty_space_inner\">\n\t\t\t<span class=\"empty_space_image\"  ><\/span>\n\t\t<\/span><\/div>\n\n<div      class=\"vc_row wpb_row section vc_row-fluid vc_inner  grid_section\" style=' text-align:left;'><div class=\" section_inner clearfix\"><div class='section_inner_margin clearfix'><div class=\"wpb_column vc_column_container vc_col-sm-12\"><div class=\"vc_column-inner\"><div class=\"wpb_wrapper\">\n\t<div class=\"wpb_single_image wpb_content_element vc_align_center\">\n\t\t<div class=\"wpb_wrapper\">\n\t\t\t\n\t\t\t<div class=\"vc_single_image-wrapper   vc_box_border_grey\"><img loading=\"lazy\" decoding=\"async\" width=\"961\" height=\"1128\" src=\"https:\/\/www.grupposaviola.com\/wp-content\/uploads\/2019\/01\/aziende_mobile.png\" class=\"vc_single_image-img attachment-full\" alt=\"\" title=\"aziende_mobile\" srcset=\"https:\/\/www.grupposaviola.com\/wp-content\/uploads\/2019\/01\/aziende_mobile.png 961w, https:\/\/www.grupposaviola.com\/wp-content\/uploads\/2019\/01\/aziende_mobile-256x300.png 256w, https:\/\/www.grupposaviola.com\/wp-content\/uploads\/2019\/01\/aziende_mobile-768x901.png 768w, https:\/\/www.grupposaviola.com\/wp-content\/uploads\/2019\/01\/aziende_mobile-872x1024.png 872w, https:\/\/www.grupposaviola.com\/wp-content\/uploads\/2019\/01\/aziende_mobile-700x822.png 700w\" sizes=\"auto, (max-width: 961px) 100vw, 961px\" \/><\/div>\n\t\t<\/div>\n\t<\/div>\n<\/div><\/div><\/div><\/div><\/div><\/div>\t<div class=\"vc_empty_space\"  style=\"height: 60px\" ><span\n\t\t\tclass=\"vc_empty_space_inner\">\n\t\t\t<span class=\"empty_space_image\"  ><\/span>\n\t\t<\/span><\/div>\n\n<\/div><\/div><\/div><\/div><\/div>\n<\/div>","protected":false},"excerpt":{"rendered":"Der Schl\u00fcssel zum Erfolg: vertikale und horizontale Integration Der Konzern integriert synergetisch nationale und internationale Unternehmen, die vier unterschiedlichen Gesch\u00e4ftsbereichen angeh\u00f6ren: Holz mit Saviola, Chemie mit Sadepan, M\u00f6bel mit Composad und Biowissenschaften mit Saviolife, mit insgesamt 14 Werken weltweit und \u00fcber 700 Mio. Euro Gesamtumsatz....","protected":false},"author":1,"featured_media":0,"parent":0,"menu_order":0,"comment_status":"closed","ping_status":"closed","template":"full_width.php","meta":{"inline_featured_image":false,"h5ap_radio_sources":[],"footnotes":""},"class_list":["post-9726","page","type-page","status-publish","hentry"],"yoast_head":"<!-- This site is optimized with the Yoast SEO plugin v27.4 - https:\/\/yoast.com\/product\/yoast-seo-wordpress\/ -->\n<title>Die Unternehmen - Gruppo Saviola<\/title>\n<meta name=\"robots\" content=\"index, follow, max-snippet:-1, max-image-preview:large, max-video-preview:-1\" \/>\n<link rel=\"canonical\" href=\"https:\/\/www.grupposaviola.com\/de\/die-unternehmen\/\" \/>\n<meta property=\"og:locale\" content=\"de_DE\" \/>\n<meta property=\"og:type\" content=\"article\" \/>\n<meta property=\"og:title\" content=\"Die Unternehmen - Gruppo Saviola\" \/>\n<meta property=\"og:url\" content=\"https:\/\/www.grupposaviola.com\/de\/die-unternehmen\/\" \/>\n<meta property=\"og:site_name\" content=\"Gruppo Saviola\" \/>\n<meta property=\"article:modified_time\" content=\"2022-07-22T13:13:00+00:00\" \/>\n<meta name=\"twitter:card\" content=\"summary_large_image\" \/>\n<meta name=\"twitter:label1\" content=\"Gesch\u00e4tzte Lesezeit\" \/>\n\t<meta name=\"twitter:data1\" content=\"1\u00a0Minute\" \/>\n<script type=\"application\/ld+json\" class=\"yoast-schema-graph\">{\"@context\":\"https:\\\/\\\/schema.org\",\"@graph\":[{\"@type\":\"WebPage\",\"@id\":\"https:\\\/\\\/www.grupposaviola.com\\\/de\\\/die-unternehmen\\\/\",\"url\":\"https:\\\/\\\/www.grupposaviola.com\\\/de\\\/die-unternehmen\\\/\",\"name\":\"Die Unternehmen - Gruppo Saviola\",\"isPartOf\":{\"@id\":\"https:\\\/\\\/www.grupposaviola.com\\\/#website\"},\"datePublished\":\"2018-07-16T15:29:03+00:00\",\"dateModified\":\"2022-07-22T13:13:00+00:00\",\"breadcrumb\":{\"@id\":\"https:\\\/\\\/www.grupposaviola.com\\\/de\\\/die-unternehmen\\\/#breadcrumb\"},\"inLanguage\":\"de\",\"potentialAction\":[{\"@type\":\"ReadAction\",\"target\":[\"https:\\\/\\\/www.grupposaviola.com\\\/de\\\/die-unternehmen\\\/\"]}]},{\"@type\":\"BreadcrumbList\",\"@id\":\"https:\\\/\\\/www.grupposaviola.com\\\/de\\\/die-unternehmen\\\/#breadcrumb\",\"itemListElement\":[{\"@type\":\"ListItem\",\"position\":1,\"name\":\"Home\",\"item\":\"https:\\\/\\\/www.grupposaviola.com\\\/de\\\/\"},{\"@type\":\"ListItem\",\"position\":2,\"name\":\"Die Unternehmen\"}]},{\"@type\":\"WebSite\",\"@id\":\"https:\\\/\\\/www.grupposaviola.com\\\/#website\",\"url\":\"https:\\\/\\\/www.grupposaviola.com\\\/\",\"name\":\"Gruppo Saviola\",\"description\":\"The Eco-Ethical Company\",\"potentialAction\":[{\"@type\":\"SearchAction\",\"target\":{\"@type\":\"EntryPoint\",\"urlTemplate\":\"https:\\\/\\\/www.grupposaviola.com\\\/?s={search_term_string}\"},\"query-input\":{\"@type\":\"PropertyValueSpecification\",\"valueRequired\":true,\"valueName\":\"search_term_string\"}}],\"inLanguage\":\"de\"}]}<\/script>\n<!-- \/ Yoast SEO plugin. -->","yoast_head_json":{"title":"Die Unternehmen - Gruppo Saviola","robots":{"index":"index","follow":"follow","max-snippet":"max-snippet:-1","max-image-preview":"max-image-preview:large","max-video-preview":"max-video-preview:-1"},"canonical":"https:\/\/www.grupposaviola.com\/de\/die-unternehmen\/","og_locale":"de_DE","og_type":"article","og_title":"Die Unternehmen - Gruppo Saviola","og_url":"https:\/\/www.grupposaviola.com\/de\/die-unternehmen\/","og_site_name":"Gruppo Saviola","article_modified_time":"2022-07-22T13:13:00+00:00","twitter_card":"summary_large_image","twitter_misc":{"Gesch\u00e4tzte Lesezeit":"1\u00a0Minute"},"schema":{"@context":"https:\/\/schema.org","@graph":[{"@type":"WebPage","@id":"https:\/\/www.grupposaviola.com\/de\/die-unternehmen\/","url":"https:\/\/www.grupposaviola.com\/de\/die-unternehmen\/","name":"Die Unternehmen - Gruppo Saviola","isPartOf":{"@id":"https:\/\/www.grupposaviola.com\/#website"},"datePublished":"2018-07-16T15:29:03+00:00","dateModified":"2022-07-22T13:13:00+00:00","breadcrumb":{"@id":"https:\/\/www.grupposaviola.com\/de\/die-unternehmen\/#breadcrumb"},"inLanguage":"de","potentialAction":[{"@type":"ReadAction","target":["https:\/\/www.grupposaviola.com\/de\/die-unternehmen\/"]}]},{"@type":"BreadcrumbList","@id":"https:\/\/www.grupposaviola.com\/de\/die-unternehmen\/#breadcrumb","itemListElement":[{"@type":"ListItem","position":1,"name":"Home","item":"https:\/\/www.grupposaviola.com\/de\/"},{"@type":"ListItem","position":2,"name":"Die Unternehmen"}]},{"@type":"WebSite","@id":"https:\/\/www.grupposaviola.com\/#website","url":"https:\/\/www.grupposaviola.com\/","name":"Gruppo Saviola","description":"The Eco-Ethical Company","potentialAction":[{"@type":"SearchAction","target":{"@type":"EntryPoint","urlTemplate":"https:\/\/www.grupposaviola.com\/?s={search_term_string}"},"query-input":{"@type":"PropertyValueSpecification","valueRequired":true,"valueName":"search_term_string"}}],"inLanguage":"de"}]}},"_links":{"self":[{"href":"https:\/\/www.grupposaviola.com\/de\/wp-json\/wp\/v2\/pages\/9726","targetHints":{"allow":["GET"]}}],"collection":[{"href":"https:\/\/www.grupposaviola.com\/de\/wp-json\/wp\/v2\/pages"}],"about":[{"href":"https:\/\/www.grupposaviola.com\/de\/wp-json\/wp\/v2\/types\/page"}],"author":[{"embeddable":true,"href":"https:\/\/www.grupposaviola.com\/de\/wp-json\/wp\/v2\/users\/1"}],"replies":[{"embeddable":true,"href":"https:\/\/www.grupposaviola.com\/de\/wp-json\/wp\/v2\/comments?post=9726"}],"version-history":[{"count":4,"href":"https:\/\/www.grupposaviola.com\/de\/wp-json\/wp\/v2\/pages\/9726\/revisions"}],"predecessor-version":[{"id":12907,"href":"https:\/\/www.grupposaviola.com\/de\/wp-json\/wp\/v2\/pages\/9726\/revisions\/12907"}],"wp:attachment":[{"href":"https:\/\/www.grupposaviola.com\/de\/wp-json\/wp\/v2\/media?parent=9726"}],"curies":[{"name":"wp","href":"https:\/\/api.w.org\/{rel}","templated":true}]}}