{"id":13455,"date":"2023-07-17T10:23:20","date_gmt":"2023-07-17T08:23:20","guid":{"rendered":"https:\/\/grupposaviola.com\/bilancio-di-sostenibilita-2022\/"},"modified":"2023-09-15T09:54:50","modified_gmt":"2023-09-15T07:54:50","slug":"nachhaltigkeitsbericht-2022","status":"publish","type":"page","link":"https:\/\/www.grupposaviola.com\/de\/oko-ethik\/nachhaltigkeitsbericht-2022\/","title":{"rendered":"Nachhaltigkeitsbericht 2022"},"content":{"rendered":"<div class=\"wpb-content-wrapper\"><div      class=\"vc_row wpb_row section vc_row-fluid \" style=' text-align:left;'><div class=\" full_section_inner clearfix\"><div class=\"wpb_column vc_column_container vc_col-sm-12\"><div class=\"vc_column-inner\"><div class=\"wpb_wrapper\"><div      class=\"vc_row wpb_row section vc_row-fluid vc_inner  grid_section\" style=' text-align:left;'><div class=\" section_inner clearfix\"><div class='section_inner_margin clearfix'><div class=\"wpb_column vc_column_container vc_col-sm-12\"><div class=\"vc_column-inner\"><div class=\"wpb_wrapper\">\t<div class=\"vc_empty_space\"  style=\"height: 100px\" ><span\n\t\t\tclass=\"vc_empty_space_inner\">\n\t\t\t<span class=\"empty_space_image\"  ><\/span>\n\t\t<\/span><\/div>\n\n\n\t<div class=\"wpb_text_column wpb_content_element \">\n\t\t<div class=\"wpb_wrapper\">\n\t\t\t<h5><span style=\"color: #3c3c3b;\">Nachhaltigkeitsbericht 2022<\/span><\/h5>\n<p>&nbsp;<\/p>\n<div class=\"_df_book df-lite\" id=\"df_13448\"  _slug=\"bds_2022_de\" data-title=\"bds_2022_de\" wpoptions=\"true\" thumbtype=\"\" ><\/div><script class=\"df-shortcode-script\" nowprocket type=\"application\/javascript\">window.option_df_13448 = {\"outline\":[],\"autoEnableOutline\":\"false\",\"autoEnableThumbnail\":\"false\",\"overwritePDFOutline\":\"false\",\"enableDownload\":\"false\",\"direction\":\"1\",\"pageSize\":\"0\",\"soundEnable\":\"false\",\"source\":\"https:\\\/\\\/www.grupposaviola.com\\\/wp-content\\\/uploads\\\/2023\\\/09\\\/H23-001760-Bilancio2022_DE_web.pdf\",\"wpOptions\":\"true\"}; if(window.DFLIP && window.DFLIP.parseBooks){window.DFLIP.parseBooks();}<\/script>\n\n\t\t<\/div> \n\t<\/div> \t<div class=\"vc_empty_space\"  style=\"height: 32px\" ><span\n\t\t\tclass=\"vc_empty_space_inner\">\n\t\t\t<span class=\"empty_space_image\"  ><\/span>\n\t\t<\/span><\/div>\n\n<a  itemprop=\"url\" href=\"https:\/\/www.grupposaviola.com\/wp-content\/uploads\/2023\/09\/H23-001760-Bilancio2022_DE_web.pdf\" target=\"_blank\"  class=\"qbutton  default\" style=\"\">Download<\/a>\t<div class=\"vc_empty_space\"  style=\"height: 100px\" ><span\n\t\t\tclass=\"vc_empty_space_inner\">\n\t\t\t<span class=\"empty_space_image\"  ><\/span>\n\t\t<\/span><\/div>\n\n\n\t<div class=\"wpb_text_column wpb_content_element \">\n\t\t<div class=\"wpb_wrapper\">\n\t\t\t<h4>#SaviolaTalks<\/h4>\n<p>&nbsp;<\/p>\n<p>&nbsp;<\/p>\n<div class=\"talks\"><a href=\"https:\/\/www.grupposaviola.com\/wp-content\/uploads\/2023\/09\/ST-AdaRosaBalzan-DE.pdf\"><img decoding=\"async\" class=\"saviolatalks_img_01 alignnone wp-image-12817 size-medium\" src=\"https:\/\/www.grupposaviola.com\/wp-content\/uploads\/2023\/07\/Bilancio2022-TalksBalzan.jpg\" alt=\"\" \/> \u00a0<\/a><br \/>\n<a href=\"https:\/\/www.grupposaviola.com\/wp-content\/uploads\/2023\/09\/ST-AdaRosaBalzan-DE.pdf\"><strong>Ada Rosa Balzan | Gru\u0308nder und Gesch\u00e4ftsfu\u0308hrer von ARB<\/strong><\/a><br \/>\n<a href=\"https:\/\/www.grupposaviola.com\/wp-content\/uploads\/2023\/09\/ST-AdaRosaBalzan-DE.pdf\">DIE CIRCULAR ECONOMY IST EINE WIRTSCHAFT DES RESPEKTS<\/a><\/div>\n<div class=\"talks\"><a href=\"https:\/\/www.grupposaviola.com\/wp-content\/uploads\/2023\/09\/ST-PaoloBraguzzi-DE.pdf\"><img decoding=\"async\" class=\"saviolatalks_img_01 alignnone wp-image-12817 size-medium\" src=\"https:\/\/www.grupposaviola.com\/wp-content\/uploads\/2023\/07\/Bilancio2022-TalksBraguzzi.jpg\" alt=\"\" \/> \u00a0<\/a><br \/>\n<a href=\"https:\/\/www.grupposaviola.com\/wp-content\/uploads\/2023\/09\/ST-PaoloBraguzzi-DE.pdf\"><strong>Paolo Braguzzi | Supervisory Board B Lab Europe<\/strong><\/a><br \/>\n<a href=\"https:\/\/www.grupposaviola.com\/wp-content\/uploads\/2023\/09\/ST-PaoloBraguzzi-DE.pdf\">F\u00dcR EINE UNTERNEHMERISCHE GESAMTVERANTWORTUNG<\/a><\/div>\n<div class=\"talks\"><a href=\"https:\/\/www.grupposaviola.com\/wp-content\/uploads\/2023\/09\/ST-AlanIny-DE.pdf\"><img decoding=\"async\" class=\"saviolatalks_img_01 alignnone wp-image-12817 size-medium\" src=\"https:\/\/www.grupposaviola.com\/wp-content\/uploads\/2023\/07\/Bilancio2022-TalksIny.jpg\" alt=\"\" \/> \u00a0<\/a><br \/>\n<a href=\"https:\/\/www.grupposaviola.com\/wp-content\/uploads\/2023\/09\/ST-AlanIny-DE.pdf\"><strong>Alan Iny | Global Lead for Creativity &amp; Scenarios at BCG<\/strong><\/a><br \/>\n<a href=\"https:\/\/www.grupposaviola.com\/wp-content\/uploads\/2023\/09\/ST-AlanIny-DE.pdf\">AUF DEN GR\u00dcNEN M\u00c4RKTEN GEWINNEN<\/a><\/div>\n<div class=\"talks\"><a href=\"https:\/\/www.grupposaviola.com\/wp-content\/uploads\/2023\/09\/ST-MaurizioMarano-DE.pdf\"><img decoding=\"async\" class=\"saviolatalks_img_01 alignnone wp-image-12817 size-medium\" src=\"https:\/\/www.grupposaviola.com\/wp-content\/uploads\/2023\/07\/Bilancio2022-TalksMarano.jpg\" alt=\"\" \/> \u00a0<\/a><br \/>\n<a href=\"https:\/\/www.grupposaviola.com\/wp-content\/uploads\/2023\/09\/ST-MaurizioMarano-DE.pdf\"><strong>Maurizio Marano | Professor fu\u0308r Nachhaltigkeitsbericht, Universit\u00e4t Bologna<\/strong><\/a><br \/>\n<a href=\"https:\/\/www.grupposaviola.com\/wp-content\/uploads\/2023\/09\/ST-MaurizioMarano-DE.pdf\">LESEN SIE VERPFLICHTUNGEN UND ERGEBNISSE \u00dcBER DEN NACHHALTIGKEITSBERICHT<\/a><\/div>\n<div class=\"talks\"><a href=\"https:\/\/www.grupposaviola.com\/wp-content\/uploads\/2023\/09\/ST-CarloRatti-DE.pdf\"><img decoding=\"async\" class=\"saviolatalks_img_01 alignnone wp-image-12817 size-medium\" src=\"https:\/\/www.grupposaviola.com\/wp-content\/uploads\/2023\/07\/Bilancio2022-TalksRatti.jpg\" alt=\"\" \/> \u00a0<\/a><br \/>\n<a href=\"https:\/\/www.grupposaviola.com\/wp-content\/uploads\/2023\/09\/ST-CarloRatti-DE.pdf\"><strong>Carlo Ratti | Gru\u0308ndungsmitglied von CRA &#8211; Carlo Ratti Teilhaber und Direktor bei MIT Senseable City Lab<\/strong><\/a><br \/>\n<a href=\"https:\/\/www.grupposaviola.com\/wp-content\/uploads\/2023\/09\/ST-CarloRatti-DE.pdf\">NAT\u00dcRLICHE UND K\u00dcNSTLICHE WELTEN AUSRICHTEN,UM DIE ST\u00c4DTE DER ZUKUNFT ZU BAUEN<\/a><\/div>\n<div class=\"talks\"><a href=\"https:\/\/www.grupposaviola.com\/wp-content\/uploads\/2023\/09\/ST-VeronicaTibiletti-DE.pdf\"><img decoding=\"async\" class=\"saviolatalks_img_01 alignnone wp-image-12817 size-medium\" src=\"https:\/\/www.grupposaviola.com\/wp-content\/uploads\/2023\/07\/Bilancio2022-TalksTibiletti.jpg\" alt=\"\" \/> \u00a0<\/a><br \/>\n<a href=\"https:\/\/www.grupposaviola.com\/wp-content\/uploads\/2023\/09\/ST-VeronicaTibiletti-DE.pdf\"><strong>Veronica Tibiletti | Pr\u00e4sident des Masterstudiengangs in Betriebswirtschaft und Unternehmensfu\u0308hrung der Universit\u00e4t Parma<\/strong><\/a><br \/>\n<a href=\"https:\/\/www.grupposaviola.com\/wp-content\/uploads\/2023\/09\/ST-VeronicaTibiletti-DE.pdf\">GOVERNANCE BEDEUTET AUCH MESSUNG<\/a><\/div>\n<div class=\"talks\"><a href=\"https:\/\/www.grupposaviola.com\/wp-content\/uploads\/2023\/09\/ST-SebastianoZanolli-DE.pdf\"><img decoding=\"async\" class=\"saviolatalks_img_01 alignnone wp-image-12817 size-medium\" src=\"https:\/\/www.grupposaviola.com\/wp-content\/uploads\/2023\/07\/Bilancio2022-TalksZanolli.jpg\" alt=\"\" \/> \u00a0<\/a><br \/>\n<a href=\"https:\/\/www.grupposaviola.com\/wp-content\/uploads\/2023\/09\/ST-SebastianoZanolli-DE.pdf\"><strong>Sebastiano Zanolli | Inspirierender Manager, Redner und Autor<\/strong><\/a><br \/>\n<a href=\"https:\/\/www.grupposaviola.com\/wp-content\/uploads\/2023\/09\/ST-SebastianoZanolli-DE.pdf\">NACHHALTIGES WACHSTUM: EINE NEUE W\u00c4HRUNG IM UMLAUF<\/a><\/div>\n\n\t\t<\/div> \n\t<\/div> \t<div class=\"vc_empty_space\"  style=\"height: 100px\" ><span\n\t\t\tclass=\"vc_empty_space_inner\">\n\t\t\t<span class=\"empty_space_image\"  ><\/span>\n\t\t<\/span><\/div>\n\n<\/div><\/div><\/div><\/div><\/div><\/div><\/div><\/div><\/div><\/div><\/div>\n<\/div>","protected":false},"excerpt":{"rendered":"Nachhaltigkeitsbericht 2022 &nbsp; Download #SaviolaTalks &nbsp; &nbsp; \u00a0 Ada Rosa Balzan | Gru\u0308nder und Gesch\u00e4ftsfu\u0308hrer von ARB DIE CIRCULAR ECONOMY IST EINE WIRTSCHAFT DES RESPEKTS \u00a0 Paolo Braguzzi | Supervisory Board B Lab Europe F\u00dcR EINE UNTERNEHMERISCHE GESAMTVERANTWORTUNG \u00a0 Alan Iny | Global Lead for...","protected":false},"author":5,"featured_media":0,"parent":9739,"menu_order":0,"comment_status":"closed","ping_status":"closed","template":"full_width.php","meta":{"inline_featured_image":false,"h5ap_radio_sources":[],"footnotes":""},"class_list":["post-13455","page","type-page","status-publish","hentry"],"yoast_head":"<!-- This site is optimized with the Yoast SEO plugin v27.4 - https:\/\/yoast.com\/product\/yoast-seo-wordpress\/ -->\n<title>Nachhaltigkeitsbericht 2022 - Gruppo Saviola<\/title>\n<meta name=\"robots\" content=\"index, follow, max-snippet:-1, max-image-preview:large, max-video-preview:-1\" \/>\n<link rel=\"canonical\" href=\"https:\/\/www.grupposaviola.com\/de\/nachhaltigkeitsbericht-2022\/\" \/>\n<meta property=\"og:locale\" content=\"de_DE\" \/>\n<meta property=\"og:type\" content=\"article\" \/>\n<meta property=\"og:title\" content=\"Nachhaltigkeitsbericht 2022 - Gruppo Saviola\" \/>\n<meta property=\"og:url\" content=\"https:\/\/www.grupposaviola.com\/de\/nachhaltigkeitsbericht-2022\/\" \/>\n<meta property=\"og:site_name\" content=\"Gruppo Saviola\" \/>\n<meta property=\"article:modified_time\" content=\"2023-09-15T07:54:50+00:00\" \/>\n<meta property=\"og:image\" content=\"https:\/\/www.grupposaviola.com\/wp-content\/uploads\/2023\/07\/Bilancio2022-TalksBalzan.jpg\" \/>\n<meta name=\"twitter:card\" content=\"summary_large_image\" \/>\n<meta name=\"twitter:label1\" content=\"Gesch\u00e4tzte Lesezeit\" \/>\n\t<meta name=\"twitter:data1\" content=\"3\u00a0Minuten\" \/>\n<script type=\"application\/ld+json\" class=\"yoast-schema-graph\">{\"@context\":\"https:\\\/\\\/schema.org\",\"@graph\":[{\"@type\":\"WebPage\",\"@id\":\"https:\\\/\\\/www.grupposaviola.com\\\/de\\\/nachhaltigkeitsbericht-2022\\\/\",\"url\":\"https:\\\/\\\/www.grupposaviola.com\\\/de\\\/nachhaltigkeitsbericht-2022\\\/\",\"name\":\"Nachhaltigkeitsbericht 2022 - Gruppo Saviola\",\"isPartOf\":{\"@id\":\"https:\\\/\\\/www.grupposaviola.com\\\/#website\"},\"primaryImageOfPage\":{\"@id\":\"https:\\\/\\\/www.grupposaviola.com\\\/de\\\/nachhaltigkeitsbericht-2022\\\/#primaryimage\"},\"image\":{\"@id\":\"https:\\\/\\\/www.grupposaviola.com\\\/de\\\/nachhaltigkeitsbericht-2022\\\/#primaryimage\"},\"thumbnailUrl\":\"https:\\\/\\\/www.grupposaviola.com\\\/wp-content\\\/uploads\\\/2023\\\/07\\\/Bilancio2022-TalksBalzan.jpg\",\"datePublished\":\"2023-07-17T08:23:20+00:00\",\"dateModified\":\"2023-09-15T07:54:50+00:00\",\"breadcrumb\":{\"@id\":\"https:\\\/\\\/www.grupposaviola.com\\\/de\\\/nachhaltigkeitsbericht-2022\\\/#breadcrumb\"},\"inLanguage\":\"de\",\"potentialAction\":[{\"@type\":\"ReadAction\",\"target\":[\"https:\\\/\\\/www.grupposaviola.com\\\/de\\\/nachhaltigkeitsbericht-2022\\\/\"]}]},{\"@type\":\"ImageObject\",\"inLanguage\":\"de\",\"@id\":\"https:\\\/\\\/www.grupposaviola.com\\\/de\\\/nachhaltigkeitsbericht-2022\\\/#primaryimage\",\"url\":\"https:\\\/\\\/www.grupposaviola.com\\\/wp-content\\\/uploads\\\/2023\\\/07\\\/Bilancio2022-TalksBalzan.jpg\",\"contentUrl\":\"https:\\\/\\\/www.grupposaviola.com\\\/wp-content\\\/uploads\\\/2023\\\/07\\\/Bilancio2022-TalksBalzan.jpg\"},{\"@type\":\"BreadcrumbList\",\"@id\":\"https:\\\/\\\/www.grupposaviola.com\\\/de\\\/nachhaltigkeitsbericht-2022\\\/#breadcrumb\",\"itemListElement\":[{\"@type\":\"ListItem\",\"position\":1,\"name\":\"Home\",\"item\":\"https:\\\/\\\/www.grupposaviola.com\\\/de\\\/\"},{\"@type\":\"ListItem\",\"position\":2,\"name\":\"Nachhaltigkeitsbericht 2022\"}]},{\"@type\":\"WebSite\",\"@id\":\"https:\\\/\\\/www.grupposaviola.com\\\/#website\",\"url\":\"https:\\\/\\\/www.grupposaviola.com\\\/\",\"name\":\"Gruppo Saviola\",\"description\":\"The Eco-Ethical Company\",\"potentialAction\":[{\"@type\":\"SearchAction\",\"target\":{\"@type\":\"EntryPoint\",\"urlTemplate\":\"https:\\\/\\\/www.grupposaviola.com\\\/?s={search_term_string}\"},\"query-input\":{\"@type\":\"PropertyValueSpecification\",\"valueRequired\":true,\"valueName\":\"search_term_string\"}}],\"inLanguage\":\"de\"}]}<\/script>\n<!-- \/ Yoast SEO plugin. -->","yoast_head_json":{"title":"Nachhaltigkeitsbericht 2022 - Gruppo Saviola","robots":{"index":"index","follow":"follow","max-snippet":"max-snippet:-1","max-image-preview":"max-image-preview:large","max-video-preview":"max-video-preview:-1"},"canonical":"https:\/\/www.grupposaviola.com\/de\/nachhaltigkeitsbericht-2022\/","og_locale":"de_DE","og_type":"article","og_title":"Nachhaltigkeitsbericht 2022 - Gruppo Saviola","og_url":"https:\/\/www.grupposaviola.com\/de\/nachhaltigkeitsbericht-2022\/","og_site_name":"Gruppo Saviola","article_modified_time":"2023-09-15T07:54:50+00:00","og_image":[{"url":"https:\/\/www.grupposaviola.com\/wp-content\/uploads\/2023\/07\/Bilancio2022-TalksBalzan.jpg","type":"","width":"","height":""}],"twitter_card":"summary_large_image","twitter_misc":{"Gesch\u00e4tzte Lesezeit":"3\u00a0Minuten"},"schema":{"@context":"https:\/\/schema.org","@graph":[{"@type":"WebPage","@id":"https:\/\/www.grupposaviola.com\/de\/nachhaltigkeitsbericht-2022\/","url":"https:\/\/www.grupposaviola.com\/de\/nachhaltigkeitsbericht-2022\/","name":"Nachhaltigkeitsbericht 2022 - Gruppo Saviola","isPartOf":{"@id":"https:\/\/www.grupposaviola.com\/#website"},"primaryImageOfPage":{"@id":"https:\/\/www.grupposaviola.com\/de\/nachhaltigkeitsbericht-2022\/#primaryimage"},"image":{"@id":"https:\/\/www.grupposaviola.com\/de\/nachhaltigkeitsbericht-2022\/#primaryimage"},"thumbnailUrl":"https:\/\/www.grupposaviola.com\/wp-content\/uploads\/2023\/07\/Bilancio2022-TalksBalzan.jpg","datePublished":"2023-07-17T08:23:20+00:00","dateModified":"2023-09-15T07:54:50+00:00","breadcrumb":{"@id":"https:\/\/www.grupposaviola.com\/de\/nachhaltigkeitsbericht-2022\/#breadcrumb"},"inLanguage":"de","potentialAction":[{"@type":"ReadAction","target":["https:\/\/www.grupposaviola.com\/de\/nachhaltigkeitsbericht-2022\/"]}]},{"@type":"ImageObject","inLanguage":"de","@id":"https:\/\/www.grupposaviola.com\/de\/nachhaltigkeitsbericht-2022\/#primaryimage","url":"https:\/\/www.grupposaviola.com\/wp-content\/uploads\/2023\/07\/Bilancio2022-TalksBalzan.jpg","contentUrl":"https:\/\/www.grupposaviola.com\/wp-content\/uploads\/2023\/07\/Bilancio2022-TalksBalzan.jpg"},{"@type":"BreadcrumbList","@id":"https:\/\/www.grupposaviola.com\/de\/nachhaltigkeitsbericht-2022\/#breadcrumb","itemListElement":[{"@type":"ListItem","position":1,"name":"Home","item":"https:\/\/www.grupposaviola.com\/de\/"},{"@type":"ListItem","position":2,"name":"Nachhaltigkeitsbericht 2022"}]},{"@type":"WebSite","@id":"https:\/\/www.grupposaviola.com\/#website","url":"https:\/\/www.grupposaviola.com\/","name":"Gruppo Saviola","description":"The Eco-Ethical Company","potentialAction":[{"@type":"SearchAction","target":{"@type":"EntryPoint","urlTemplate":"https:\/\/www.grupposaviola.com\/?s={search_term_string}"},"query-input":{"@type":"PropertyValueSpecification","valueRequired":true,"valueName":"search_term_string"}}],"inLanguage":"de"}]}},"_links":{"self":[{"href":"https:\/\/www.grupposaviola.com\/de\/wp-json\/wp\/v2\/pages\/13455","targetHints":{"allow":["GET"]}}],"collection":[{"href":"https:\/\/www.grupposaviola.com\/de\/wp-json\/wp\/v2\/pages"}],"about":[{"href":"https:\/\/www.grupposaviola.com\/de\/wp-json\/wp\/v2\/types\/page"}],"author":[{"embeddable":true,"href":"https:\/\/www.grupposaviola.com\/de\/wp-json\/wp\/v2\/users\/5"}],"replies":[{"embeddable":true,"href":"https:\/\/www.grupposaviola.com\/de\/wp-json\/wp\/v2\/comments?post=13455"}],"version-history":[{"count":3,"href":"https:\/\/www.grupposaviola.com\/de\/wp-json\/wp\/v2\/pages\/13455\/revisions"}],"predecessor-version":[{"id":13528,"href":"https:\/\/www.grupposaviola.com\/de\/wp-json\/wp\/v2\/pages\/13455\/revisions\/13528"}],"up":[{"embeddable":true,"href":"https:\/\/www.grupposaviola.com\/de\/wp-json\/wp\/v2\/pages\/9739"}],"wp:attachment":[{"href":"https:\/\/www.grupposaviola.com\/de\/wp-json\/wp\/v2\/media?parent=13455"}],"curies":[{"name":"wp","href":"https:\/\/api.w.org\/{rel}","templated":true}]}}